{"id":3892,"date":"2024-02-29T19:30:17","date_gmt":"2024-02-29T18:30:17","guid":{"rendered":"http:\/\/18.159.216.47\/?page_id=3892"},"modified":"2024-02-29T19:44:34","modified_gmt":"2024-02-29T18:44:34","slug":"typage-4tax","status":"publish","type":"page","link":"https:\/\/immobiliare-investimenti.net\/index.php\/typage-4tax\/","title":{"rendered":"4Tax \u2013 OTB \u2013 TY Page"},"content":{"rendered":"\t\t<div data-elementor-type=\"wp-page\" data-elementor-id=\"3892\" class=\"elementor elementor-3892\" data-elementor-post-type=\"page\">\n\t\t\t\t\t\t<section class=\"elementor-section elementor-top-section elementor-element elementor-element-6893a713 elementor-section-boxed elementor-section-height-default elementor-section-height-default\" data-id=\"6893a713\" data-element_type=\"section\" data-e-type=\"section\" data-settings=\"{&quot;background_background&quot;:&quot;classic&quot;}\">\n\t\t\t\t\t\t<div class=\"elementor-container elementor-column-gap-no\">\n\t\t\t\t\t<div class=\"elementor-column elementor-col-100 elementor-top-column elementor-element elementor-element-31bab429\" data-id=\"31bab429\" data-element_type=\"column\" data-e-type=\"column\" data-settings=\"{&quot;background_background&quot;:&quot;classic&quot;}\">\n\t\t\t<div class=\"elementor-widget-wrap elementor-element-populated\">\n\t\t\t\t\t\t<section class=\"elementor-section elementor-inner-section elementor-element elementor-element-3ca267c2 elementor-section-full_width elementor-section-height-default elementor-section-height-default\" data-id=\"3ca267c2\" data-element_type=\"section\" data-e-type=\"section\" data-settings=\"{&quot;background_background&quot;:&quot;classic&quot;}\">\n\t\t\t\t\t\t<div class=\"elementor-container elementor-column-gap-no\">\n\t\t\t\t\t<div class=\"elementor-column elementor-col-100 elementor-inner-column elementor-element elementor-element-42244bdf\" data-id=\"42244bdf\" data-element_type=\"column\" data-e-type=\"column\">\n\t\t\t<div class=\"elementor-widget-wrap elementor-element-populated\">\n\t\t\t\t\t\t<div class=\"elementor-element elementor-element-5883c3a6 elementor-widget elementor-widget-spacer\" data-id=\"5883c3a6\" data-element_type=\"widget\" data-e-type=\"widget\" data-widget_type=\"spacer.default\">\n\t\t\t\t<div class=\"elementor-widget-container\">\n\t\t\t\t\t\t\t<div class=\"elementor-spacer\">\n\t\t\t<div class=\"elementor-spacer-inner\"><\/div>\n\t\t<\/div>\n\t\t\t\t\t\t<\/div>\n\t\t\t\t<\/div>\n\t\t\t\t<div class=\"elementor-element elementor-element-33de797f elementor-widget elementor-widget-heading\" data-id=\"33de797f\" data-element_type=\"widget\" data-e-type=\"widget\" data-widget_type=\"heading.default\">\n\t\t\t\t<div class=\"elementor-widget-container\">\n\t\t\t\t\t<h1 class=\"elementor-heading-title elementor-size-default\"><b>Abbiamo ricevuto la tua richiesta di aiuto contro i debiti fiscali! <\/b><\/h1>\t\t\t\t<\/div>\n\t\t\t\t<\/div>\n\t\t\t\t<div class=\"elementor-element elementor-element-19e68ce elementor-widget elementor-widget-image\" data-id=\"19e68ce\" data-element_type=\"widget\" data-e-type=\"widget\" data-widget_type=\"image.default\">\n\t\t\t\t<div class=\"elementor-widget-container\">\n\t\t\t\t\t\t\t\t\t\t\t\t\t\t\t<img fetchpriority=\"high\" decoding=\"async\" width=\"800\" height=\"534\" src=\"https:\/\/immobiliare-investimenti.net\/wp-content\/uploads\/2024\/02\/team-di-4tax-1024x683.jpg\" class=\"attachment-large size-large wp-image-3896\" alt=\"\" srcset=\"https:\/\/immobiliare-investimenti.net\/wp-content\/uploads\/2024\/02\/team-di-4tax-1024x683.jpg 1024w, https:\/\/immobiliare-investimenti.net\/wp-content\/uploads\/2024\/02\/team-di-4tax-300x200.jpg 300w, https:\/\/immobiliare-investimenti.net\/wp-content\/uploads\/2024\/02\/team-di-4tax-768x512.jpg 768w, https:\/\/immobiliare-investimenti.net\/wp-content\/uploads\/2024\/02\/team-di-4tax-1536x1024.jpg 1536w, https:\/\/immobiliare-investimenti.net\/wp-content\/uploads\/2024\/02\/team-di-4tax-2048x1366.jpg 2048w\" sizes=\"(max-width: 800px) 100vw, 800px\" \/>\t\t\t\t\t\t\t\t\t\t\t\t\t\t\t<\/div>\n\t\t\t\t<\/div>\n\t\t\t\t<div class=\"elementor-element elementor-element-7a774b9c elementor-widget elementor-widget-heading\" data-id=\"7a774b9c\" data-element_type=\"widget\" data-e-type=\"widget\" data-widget_type=\"heading.default\">\n\t\t\t\t<div class=\"elementor-widget-container\">\n\t\t\t\t\t<h1 class=\"elementor-heading-title elementor-size-default\"><b>Cosa succeder\u00e0 adesso?<\/b><\/h1>\t\t\t\t<\/div>\n\t\t\t\t<\/div>\n\t\t\t\t<div class=\"elementor-element elementor-element-6bd978f6 elementor-widget elementor-widget-text-editor\" data-id=\"6bd978f6\" data-element_type=\"widget\" data-e-type=\"widget\" data-widget_type=\"text-editor.default\">\n\t\t\t\t<div class=\"elementor-widget-container\">\n\t\t\t\t\t\t\t\t\t<p><strong>RESTA IN ATTESA E CONTROLLA IL CELLULARE<\/strong><\/p><p>Uno specialista di 4Tax.it si metter\u00e0 in contatto con te il prima possibile per fornirti tutte le informazioni di cui hai bisogno.\u00a0<\/p>\t\t\t\t\t\t\t\t<\/div>\n\t\t\t\t<\/div>\n\t\t\t\t\t<\/div>\n\t\t<\/div>\n\t\t\t\t\t<\/div>\n\t\t<\/section>\n\t\t\t\t\t<\/div>\n\t\t<\/div>\n\t\t\t\t\t<\/div>\n\t\t<\/section>\n\t\t\t\t<section class=\"elementor-section elementor-top-section elementor-element elementor-element-1f789a9f elementor-section-boxed elementor-section-height-default elementor-section-height-default\" data-id=\"1f789a9f\" data-element_type=\"section\" data-e-type=\"section\" data-settings=\"{&quot;background_background&quot;:&quot;classic&quot;}\">\n\t\t\t\t\t\t<div class=\"elementor-container elementor-column-gap-default\">\n\t\t\t\t\t<div class=\"elementor-column elementor-col-100 elementor-top-column elementor-element elementor-element-47ef0f8c\" data-id=\"47ef0f8c\" data-element_type=\"column\" data-e-type=\"column\">\n\t\t\t<div class=\"elementor-widget-wrap elementor-element-populated\">\n\t\t\t\t\t\t<div class=\"elementor-element elementor-element-31095e2b elementor-widget elementor-widget-spacer\" data-id=\"31095e2b\" data-element_type=\"widget\" data-e-type=\"widget\" data-widget_type=\"spacer.default\">\n\t\t\t\t<div class=\"elementor-widget-container\">\n\t\t\t\t\t\t\t<div class=\"elementor-spacer\">\n\t\t\t<div class=\"elementor-spacer-inner\"><\/div>\n\t\t<\/div>\n\t\t\t\t\t\t<\/div>\n\t\t\t\t<\/div>\n\t\t\t\t\t<\/div>\n\t\t<\/div>\n\t\t\t\t\t<\/div>\n\t\t<\/section>\n\t\t\t\t<section class=\"elementor-section elementor-top-section elementor-element elementor-element-b4127a4 elementor-section-boxed elementor-section-height-default elementor-section-height-default\" data-id=\"b4127a4\" data-element_type=\"section\" data-e-type=\"section\" data-settings=\"{&quot;background_background&quot;:&quot;classic&quot;}\">\n\t\t\t\t\t\t<div class=\"elementor-container elementor-column-gap-default\">\n\t\t\t\t\t<div class=\"elementor-column elementor-col-100 elementor-top-column elementor-element elementor-element-4fbed7e5\" data-id=\"4fbed7e5\" data-element_type=\"column\" data-e-type=\"column\">\n\t\t\t<div class=\"elementor-widget-wrap elementor-element-populated\">\n\t\t\t\t\t\t<div class=\"elementor-element elementor-element-85f4536 elementor-widget-divider--view-line elementor-widget elementor-widget-divider\" data-id=\"85f4536\" data-element_type=\"widget\" data-e-type=\"widget\" data-widget_type=\"divider.default\">\n\t\t\t\t<div class=\"elementor-widget-container\">\n\t\t\t\t\t\t\t<div class=\"elementor-divider\">\n\t\t\t<span class=\"elementor-divider-separator\">\n\t\t\t\t\t\t<\/span>\n\t\t<\/div>\n\t\t\t\t\t\t<\/div>\n\t\t\t\t<\/div>\n\t\t\t\t<div class=\"elementor-element elementor-element-1678d44 elementor-widget elementor-widget-text-editor\" data-id=\"1678d44\" data-element_type=\"widget\" data-e-type=\"widget\" data-widget_type=\"text-editor.default\">\n\t\t\t\t<div class=\"elementor-widget-container\">\n\t\t\t\t\t\t\t\t\t<p>2023 Tutti i Diritti Riservati\u00a0 \u2013<a href=\"https:\/\/4tax.it\/privacy-e-cookie-policy\/\">\u00a0Privacy &amp; Cookie Policy<\/a> &#8211; <a href=\"mailto:4tax.it@4tax.it\">4tax.it@4tax.it<\/a><\/p>\t\t\t\t\t\t\t\t<\/div>\n\t\t\t\t<\/div>\n\t\t\t\t<div class=\"elementor-element elementor-element-5c473a9 elementor-widget elementor-widget-text-editor\" data-id=\"5c473a9\" data-element_type=\"widget\" data-e-type=\"widget\" data-widget_type=\"text-editor.default\">\n\t\t\t\t<div class=\"elementor-widget-container\">\n\t\t\t\t\t\t\t\t\t<p>QUESTA PAGINA WEB NON RAPPRESENTA UNA TESTATA GIORNALISTICA, UN SITO DI INFORMAZIONE O UN BLOG. SI TRATTA DI UNA PAGINA WEB FINALIZZATA ALLE PUBBLICAZIONI PROMOZIONALI CHE IMPIEGANO LA TECNICA DELLO STORY TELLING PER ILLUSTRARE LA PORTATA DEI SERVIZI E DEI PRODOTTI PROPOSTI. LA STORIA RACCONTATA IN QUESTA PAGINA PERTANTO COSTITUISCE UN ADVERTORIAL O PUBBLICIT\u00c0 CON SCOPO INFORMATIVO, FUNZIONALE A FAR COMPRENDERE IL POTENZIALE DI QUANTO PROPOSTO.<\/p>\t\t\t\t\t\t\t\t<\/div>\n\t\t\t\t<\/div>\n\t\t\t\t<div class=\"elementor-element elementor-element-d3da1c7 elementor-widget elementor-widget-text-editor\" data-id=\"d3da1c7\" data-element_type=\"widget\" data-e-type=\"widget\" data-widget_type=\"text-editor.default\">\n\t\t\t\t<div class=\"elementor-widget-container\">\n\t\t\t\t\t\t\t\t\t<p><span style=\"color: var( --e-global-color-text );\">*4Tax.it non possono e non forniscono alcuna garanzia in merito alla cancellazione o riduzione del debito con le nostre idee, informazioni, strumenti o strategie.<\/span><\/p>\n<p>Nulla in questa pagina \u00e8 una promessa o garanzia di risultati con 4Tax.it Tutti i casi\/testimonianze a cui si fa riferimento qui sono solo rappresentativi e non devono essere considerati garanzie o promesse.<\/p>\n<p><span style=\"font-weight: 400;\">Ogni situazione \u00e8 unica e rappresenta un caso a s\u00e9. 4Tax.it non pu\u00f2 fornire, per codice etico, alcuna garanzia in merito alla cancellazione o alla riduzione del debito.&nbsp;<\/span><\/p>\t\t\t\t\t\t\t\t<\/div>\n\t\t\t\t<\/div>\n\t\t\t\t\t<\/div>\n\t\t<\/div>\n\t\t\t\t\t<\/div>\n\t\t<\/section>\n\t\t\t\t<section class=\"elementor-section elementor-top-section elementor-element elementor-element-1ad62609 elementor-section-boxed elementor-section-height-default elementor-section-height-default\" data-id=\"1ad62609\" data-element_type=\"section\" data-e-type=\"section\" data-settings=\"{&quot;background_background&quot;:&quot;classic&quot;}\">\n\t\t\t\t\t\t<div class=\"elementor-container elementor-column-gap-default\">\n\t\t\t\t\t<div class=\"elementor-column elementor-col-50 elementor-top-column elementor-element elementor-element-1298d506\" data-id=\"1298d506\" data-element_type=\"column\" data-e-type=\"column\">\n\t\t\t<div class=\"elementor-widget-wrap\">\n\t\t\t\t\t\t\t<\/div>\n\t\t<\/div>\n\t\t\t\t<div class=\"elementor-column elementor-col-50 elementor-top-column elementor-element elementor-element-40baae2b\" data-id=\"40baae2b\" data-element_type=\"column\" data-e-type=\"column\">\n\t\t\t<div class=\"elementor-widget-wrap\">\n\t\t\t\t\t\t\t<\/div>\n\t\t<\/div>\n\t\t\t\t\t<\/div>\n\t\t<\/section>\n\t\t\t\t<section class=\"elementor-section elementor-top-section elementor-element elementor-element-2704412a elementor-section-boxed elementor-section-height-default elementor-section-height-default\" data-id=\"2704412a\" data-element_type=\"section\" data-e-type=\"section\">\n\t\t\t\t\t\t<div class=\"elementor-container elementor-column-gap-default\">\n\t\t\t\t\t<div class=\"elementor-column elementor-col-100 elementor-top-column elementor-element elementor-element-2d84a646\" data-id=\"2d84a646\" data-element_type=\"column\" data-e-type=\"column\">\n\t\t\t<div class=\"elementor-widget-wrap\">\n\t\t\t\t\t\t\t<\/div>\n\t\t<\/div>\n\t\t\t\t\t<\/div>\n\t\t<\/section>\n\t\t\t\t<\/div>\n\t\t","protected":false},"excerpt":{"rendered":"<p>Abbiamo ricevuto la tua richiesta di aiuto contro i debiti fiscali! Cosa succeder\u00e0 adesso? RESTA IN ATTESA E CONTROLLA IL CELLULARE Uno specialista di 4Tax.it si metter\u00e0 in contatto con te il prima possibile per fornirti tutte le informazioni di cui hai bisogno.\u00a0 2023 Tutti i Diritti Riservati\u00a0 \u2013\u00a0Privacy &amp; Cookie Policy &#8211; 4tax.it@4tax.it QUESTA [&hellip;]<\/p>\n","protected":false},"author":1,"featured_media":0,"parent":0,"menu_order":0,"comment_status":"closed","ping_status":"closed","template":"elementor_canvas","meta":{"footnotes":""},"folder":[19],"class_list":["post-3892","page","type-page","status-publish","hentry"],"yoast_head":"<!-- This site is optimized with the Yoast SEO plugin v27.4 - https:\/\/yoast.com\/product\/yoast-seo-wordpress\/ -->\n<title>4Tax \u2013 OTB \u2013 TY Page - Notizie Aggiornate<\/title>\n<meta name=\"robots\" content=\"index, follow, max-snippet:-1, max-image-preview:large, max-video-preview:-1\" \/>\n<link rel=\"canonical\" href=\"https:\/\/caricamento-articolo-in-corso.com\/index.php\/typage-4tax\/\" \/>\n<meta property=\"og:locale\" content=\"it_IT\" \/>\n<meta property=\"og:type\" content=\"article\" \/>\n<meta property=\"og:title\" content=\"4Tax \u2013 OTB \u2013 TY Page - Notizie Aggiornate\" \/>\n<meta property=\"og:description\" content=\"Abbiamo ricevuto la tua richiesta di aiuto contro i debiti fiscali! Cosa succeder\u00e0 adesso? RESTA IN ATTESA E CONTROLLA IL CELLULARE Uno specialista di 4Tax.it si metter\u00e0 in contatto con te il prima possibile per fornirti tutte le informazioni di cui hai bisogno.\u00a0 2023 Tutti i Diritti Riservati\u00a0 \u2013\u00a0Privacy &amp; Cookie Policy &#8211; 4tax.it@4tax.it QUESTA [&hellip;]\" \/>\n<meta property=\"og:url\" content=\"https:\/\/caricamento-articolo-in-corso.com\/index.php\/typage-4tax\/\" \/>\n<meta property=\"og:site_name\" content=\"Notizie Aggiornate\" \/>\n<meta property=\"article:modified_time\" content=\"2024-02-29T18:44:34+00:00\" \/>\n<meta property=\"og:image\" content=\"http:\/\/18.159.216.47\/wp-content\/uploads\/2024\/02\/team-di-4tax-1024x683.jpg\" \/>\n<meta name=\"twitter:card\" content=\"summary_large_image\" \/>\n<meta name=\"twitter:label1\" content=\"Tempo di lettura stimato\" \/>\n\t<meta name=\"twitter:data1\" content=\"2 minuti\" \/>\n<script type=\"application\/ld+json\" class=\"yoast-schema-graph\">{\"@context\":\"https:\\\/\\\/schema.org\",\"@graph\":[{\"@type\":\"WebPage\",\"@id\":\"https:\\\/\\\/caricamento-articolo-in-corso.com\\\/index.php\\\/typage-4tax\\\/\",\"url\":\"https:\\\/\\\/caricamento-articolo-in-corso.com\\\/index.php\\\/typage-4tax\\\/\",\"name\":\"4Tax \u2013 OTB \u2013 TY Page - Notizie Aggiornate\",\"isPartOf\":{\"@id\":\"https:\\\/\\\/terapie-efficaci.com\\\/#website\"},\"primaryImageOfPage\":{\"@id\":\"https:\\\/\\\/caricamento-articolo-in-corso.com\\\/index.php\\\/typage-4tax\\\/#primaryimage\"},\"image\":{\"@id\":\"https:\\\/\\\/caricamento-articolo-in-corso.com\\\/index.php\\\/typage-4tax\\\/#primaryimage\"},\"thumbnailUrl\":\"http:\\\/\\\/18.159.216.47\\\/wp-content\\\/uploads\\\/2024\\\/02\\\/team-di-4tax-1024x683.jpg\",\"datePublished\":\"2024-02-29T18:30:17+00:00\",\"dateModified\":\"2024-02-29T18:44:34+00:00\",\"breadcrumb\":{\"@id\":\"https:\\\/\\\/caricamento-articolo-in-corso.com\\\/index.php\\\/typage-4tax\\\/#breadcrumb\"},\"inLanguage\":\"it-IT\",\"potentialAction\":[{\"@type\":\"ReadAction\",\"target\":[\"https:\\\/\\\/caricamento-articolo-in-corso.com\\\/index.php\\\/typage-4tax\\\/\"]}]},{\"@type\":\"ImageObject\",\"inLanguage\":\"it-IT\",\"@id\":\"https:\\\/\\\/caricamento-articolo-in-corso.com\\\/index.php\\\/typage-4tax\\\/#primaryimage\",\"url\":\"http:\\\/\\\/18.159.216.47\\\/wp-content\\\/uploads\\\/2024\\\/02\\\/team-di-4tax-1024x683.jpg\",\"contentUrl\":\"http:\\\/\\\/18.159.216.47\\\/wp-content\\\/uploads\\\/2024\\\/02\\\/team-di-4tax-1024x683.jpg\"},{\"@type\":\"BreadcrumbList\",\"@id\":\"https:\\\/\\\/caricamento-articolo-in-corso.com\\\/index.php\\\/typage-4tax\\\/#breadcrumb\",\"itemListElement\":[{\"@type\":\"ListItem\",\"position\":1,\"name\":\"Home\",\"item\":\"https:\\\/\\\/terapie-efficaci.com\\\/\"},{\"@type\":\"ListItem\",\"position\":2,\"name\":\"4Tax \u2013 OTB \u2013 TY Page\"}]},{\"@type\":\"WebSite\",\"@id\":\"https:\\\/\\\/terapie-efficaci.com\\\/#website\",\"url\":\"https:\\\/\\\/terapie-efficaci.com\\\/\",\"name\":\"Notizie Aggiornate\",\"description\":\"\",\"potentialAction\":[{\"@type\":\"SearchAction\",\"target\":{\"@type\":\"EntryPoint\",\"urlTemplate\":\"https:\\\/\\\/terapie-efficaci.com\\\/?s={search_term_string}\"},\"query-input\":{\"@type\":\"PropertyValueSpecification\",\"valueRequired\":true,\"valueName\":\"search_term_string\"}}],\"inLanguage\":\"it-IT\"}]}<\/script>\n<!-- \/ Yoast SEO plugin. -->","yoast_head_json":{"title":"4Tax \u2013 OTB \u2013 TY Page - Notizie Aggiornate","robots":{"index":"index","follow":"follow","max-snippet":"max-snippet:-1","max-image-preview":"max-image-preview:large","max-video-preview":"max-video-preview:-1"},"canonical":"https:\/\/caricamento-articolo-in-corso.com\/index.php\/typage-4tax\/","og_locale":"it_IT","og_type":"article","og_title":"4Tax \u2013 OTB \u2013 TY Page - Notizie Aggiornate","og_description":"Abbiamo ricevuto la tua richiesta di aiuto contro i debiti fiscali! Cosa succeder\u00e0 adesso? RESTA IN ATTESA E CONTROLLA IL CELLULARE Uno specialista di 4Tax.it si metter\u00e0 in contatto con te il prima possibile per fornirti tutte le informazioni di cui hai bisogno.\u00a0 2023 Tutti i Diritti Riservati\u00a0 \u2013\u00a0Privacy &amp; Cookie Policy &#8211; 4tax.it@4tax.it QUESTA [&hellip;]","og_url":"https:\/\/caricamento-articolo-in-corso.com\/index.php\/typage-4tax\/","og_site_name":"Notizie Aggiornate","article_modified_time":"2024-02-29T18:44:34+00:00","og_image":[{"url":"http:\/\/18.159.216.47\/wp-content\/uploads\/2024\/02\/team-di-4tax-1024x683.jpg","type":"","width":"","height":""}],"twitter_card":"summary_large_image","twitter_misc":{"Tempo di lettura stimato":"2 minuti"},"schema":{"@context":"https:\/\/schema.org","@graph":[{"@type":"WebPage","@id":"https:\/\/caricamento-articolo-in-corso.com\/index.php\/typage-4tax\/","url":"https:\/\/caricamento-articolo-in-corso.com\/index.php\/typage-4tax\/","name":"4Tax \u2013 OTB \u2013 TY Page - Notizie Aggiornate","isPartOf":{"@id":"https:\/\/terapie-efficaci.com\/#website"},"primaryImageOfPage":{"@id":"https:\/\/caricamento-articolo-in-corso.com\/index.php\/typage-4tax\/#primaryimage"},"image":{"@id":"https:\/\/caricamento-articolo-in-corso.com\/index.php\/typage-4tax\/#primaryimage"},"thumbnailUrl":"http:\/\/18.159.216.47\/wp-content\/uploads\/2024\/02\/team-di-4tax-1024x683.jpg","datePublished":"2024-02-29T18:30:17+00:00","dateModified":"2024-02-29T18:44:34+00:00","breadcrumb":{"@id":"https:\/\/caricamento-articolo-in-corso.com\/index.php\/typage-4tax\/#breadcrumb"},"inLanguage":"it-IT","potentialAction":[{"@type":"ReadAction","target":["https:\/\/caricamento-articolo-in-corso.com\/index.php\/typage-4tax\/"]}]},{"@type":"ImageObject","inLanguage":"it-IT","@id":"https:\/\/caricamento-articolo-in-corso.com\/index.php\/typage-4tax\/#primaryimage","url":"http:\/\/18.159.216.47\/wp-content\/uploads\/2024\/02\/team-di-4tax-1024x683.jpg","contentUrl":"http:\/\/18.159.216.47\/wp-content\/uploads\/2024\/02\/team-di-4tax-1024x683.jpg"},{"@type":"BreadcrumbList","@id":"https:\/\/caricamento-articolo-in-corso.com\/index.php\/typage-4tax\/#breadcrumb","itemListElement":[{"@type":"ListItem","position":1,"name":"Home","item":"https:\/\/terapie-efficaci.com\/"},{"@type":"ListItem","position":2,"name":"4Tax \u2013 OTB \u2013 TY Page"}]},{"@type":"WebSite","@id":"https:\/\/terapie-efficaci.com\/#website","url":"https:\/\/terapie-efficaci.com\/","name":"Notizie Aggiornate","description":"","potentialAction":[{"@type":"SearchAction","target":{"@type":"EntryPoint","urlTemplate":"https:\/\/terapie-efficaci.com\/?s={search_term_string}"},"query-input":{"@type":"PropertyValueSpecification","valueRequired":true,"valueName":"search_term_string"}}],"inLanguage":"it-IT"}]}},"_links":{"self":[{"href":"https:\/\/immobiliare-investimenti.net\/index.php\/wp-json\/wp\/v2\/pages\/3892","targetHints":{"allow":["GET"]}}],"collection":[{"href":"https:\/\/immobiliare-investimenti.net\/index.php\/wp-json\/wp\/v2\/pages"}],"about":[{"href":"https:\/\/immobiliare-investimenti.net\/index.php\/wp-json\/wp\/v2\/types\/page"}],"author":[{"embeddable":true,"href":"https:\/\/immobiliare-investimenti.net\/index.php\/wp-json\/wp\/v2\/users\/1"}],"replies":[{"embeddable":true,"href":"https:\/\/immobiliare-investimenti.net\/index.php\/wp-json\/wp\/v2\/comments?post=3892"}],"version-history":[{"count":12,"href":"https:\/\/immobiliare-investimenti.net\/index.php\/wp-json\/wp\/v2\/pages\/3892\/revisions"}],"predecessor-version":[{"id":3905,"href":"https:\/\/immobiliare-investimenti.net\/index.php\/wp-json\/wp\/v2\/pages\/3892\/revisions\/3905"}],"wp:attachment":[{"href":"https:\/\/immobiliare-investimenti.net\/index.php\/wp-json\/wp\/v2\/media?parent=3892"}],"wp:term":[{"taxonomy":"folder","embeddable":true,"href":"https:\/\/immobiliare-investimenti.net\/index.php\/wp-json\/wp\/v2\/folder?post=3892"}],"curies":[{"name":"wp","href":"https:\/\/api.w.org\/{rel}","templated":true}]}}